{"id":84,"date":"2018-02-16T11:39:39","date_gmt":"2018-02-16T09:39:39","guid":{"rendered":"http:\/\/melkarta.com\/?page_id=84"},"modified":"2018-02-16T11:42:43","modified_gmt":"2018-02-16T09:42:43","slug":"nuestro-sistema","status":"publish","type":"page","link":"https:\/\/melkarta.com\/?page_id=84","title":{"rendered":"Nuestro sistema"},"content":{"rendered":"<h2>En Melkarta creemos en los resultados.<\/h2>\n<p>Nuestros socios no tienen la necesidad de invertir en la creaci\u00f3n del sitio web ni en las acciones de mercadotecnia, estos gastos corren por cuenta de Melkarta.<\/p>\n<p>Nos convertimos en su socio comercial y pactamos el cobro una comisi\u00f3n por cada venta realizada.<\/p>\n<h3>Si nuestro socio gana, nosotros tambi\u00e9n.<\/h3>\n<p>Quiz\u00e1s se est\u00e9 planteando alguna de estas cuestiones:<\/p>\n<p><strong>\u00bfObjetivamente, qu\u00e9 me puede proporcionar Melkarta?<\/strong><\/p>\n<ul>\n<li>Dise\u00f1o y alojamiento de una tienda en internet totalmente operativa a coste 0.<\/li>\n<li>Promoci\u00f3n comercial de la tienda de forma totalmente gratuita.<\/li>\n<li>Introducci\u00f3n del cat\u00e1logo de productos en la web (las 50 primeras referencias sin cargo).<\/li>\n<li>Llegar a un mercado potencial de miles de millones de clientes sin inversi\u00f3n o gasto.<\/li>\n<\/ul>\n<p><strong>\u00bfQu\u00e9 tengo que hacer para hacerme socio de Melkarta?<\/strong><\/p>\n<p>Si usted posee una empresa de fabricaci\u00f3n o es distribuidor mayorista de mercanc\u00edas, puede ser socio de Melkarta.<\/p>\n<p><strong>\u00bfCu\u00e1nto me cuesta ser socio de Melkarta?<\/strong><\/p>\n<p>Nuestra comercial cobra una comisi\u00f3n por cada venta realizada, esta comisi\u00f3n se pacta con cada socio seg\u00fan la naturaleza de los productos.<\/p>\n<p>&nbsp;<\/p>\n<p>&nbsp;<\/p>\n<p>&nbsp;<\/p>\n","protected":false},"excerpt":{"rendered":"<p>En Melkarta creemos en los resultados. Nuestros socios no tienen la necesidad de invertir en la creaci\u00f3n del sitio web ni en las acciones de mercadotecnia, estos gastos corren por cuenta de Melkarta. Nos convertimos en su socio comercial y pactamos el cobro una comisi\u00f3n por cada venta realizada. Si nuestro socio gana, nosotros tambi\u00e9n.<a class=\"moretag\" href=\"https:\/\/melkarta.com\/?page_id=84\"><span class=\"screen-reader-text\">Leer m\u00e1s sobre Nuestro sistema<\/span>[&#8230;]<\/a><\/p>\n","protected":false},"author":2,"featured_media":0,"parent":0,"menu_order":0,"comment_status":"closed","ping_status":"closed","template":"","meta":{"footnotes":""},"class_list":["post-84","page","type-page","status-publish","hentry"],"_links":{"self":[{"href":"https:\/\/melkarta.com\/index.php?rest_route=\/wp\/v2\/pages\/84","targetHints":{"allow":["GET"]}}],"collection":[{"href":"https:\/\/melkarta.com\/index.php?rest_route=\/wp\/v2\/pages"}],"about":[{"href":"https:\/\/melkarta.com\/index.php?rest_route=\/wp\/v2\/types\/page"}],"author":[{"embeddable":true,"href":"https:\/\/melkarta.com\/index.php?rest_route=\/wp\/v2\/users\/2"}],"replies":[{"embeddable":true,"href":"https:\/\/melkarta.com\/index.php?rest_route=%2Fwp%2Fv2%2Fcomments&post=84"}],"version-history":[{"count":3,"href":"https:\/\/melkarta.com\/index.php?rest_route=\/wp\/v2\/pages\/84\/revisions"}],"predecessor-version":[{"id":88,"href":"https:\/\/melkarta.com\/index.php?rest_route=\/wp\/v2\/pages\/84\/revisions\/88"}],"wp:attachment":[{"href":"https:\/\/melkarta.com\/index.php?rest_route=%2Fwp%2Fv2%2Fmedia&parent=84"}],"curies":[{"name":"wp","href":"https:\/\/api.w.org\/{rel}","templated":true}]}}