{"id":2,"date":"2018-02-15T03:48:21","date_gmt":"2018-02-15T01:48:21","guid":{"rendered":"http:\/\/melkarta.com\/?page_id=2"},"modified":"2022-04-08T19:05:47","modified_gmt":"2022-04-08T18:05:47","slug":"sample-page","status":"publish","type":"page","link":"https:\/\/melkarta.com\/","title":{"rendered":"Inicio"},"content":{"rendered":"<p><img loading=\"lazy\" decoding=\"async\" class=\"alignnone size-medium wp-image-27\" src=\"https:\/\/melkarta.com\/wp-content\/uploads\/2017\/07\/logo-melkarta-transp-300x94.png\" alt=\"\" width=\"300\" height=\"94\" srcset=\"https:\/\/melkarta.com\/wp-content\/uploads\/2017\/07\/logo-melkarta-transp-300x94.png 300w, https:\/\/melkarta.com\/wp-content\/uploads\/2017\/07\/logo-melkarta-transp-768x241.png 768w, https:\/\/melkarta.com\/wp-content\/uploads\/2017\/07\/logo-melkarta-transp-1024x321.png 1024w, https:\/\/melkarta.com\/wp-content\/uploads\/2017\/07\/logo-melkarta-transp.png 1500w\" sizes=\"auto, (max-width: 300px) 100vw, 300px\" \/><\/p>\n<p>Melkarta ha nacido para hacer m\u00e1s f\u00e1cil el comercio electr\u00f3nico para fabricantes y mayoristas.<\/p>\n<p>Con nuestro sistema de colaboraci\u00f3n, su empresa podr\u00e1 acceder a todos los beneficios del comercio en internet y llegar a millones de clientes potenciales, sin la necesidad de realizar un importante desembolso inicial.<\/p>\n<p>Si desea m\u00e1s informaci\u00f3n, por favor contacte con nosotros:<\/p>\n<h2 style=\"text-align: center;\"><a href=\"mailto:comunicacion@melkarta.com\"><strong>comunicacion@melkarta.com<\/strong><\/a><\/h2>\n","protected":false},"excerpt":{"rendered":"<p>Melkarta ha nacido para hacer m\u00e1s f\u00e1cil el comercio electr\u00f3nico para fabricantes y mayoristas. Con nuestro sistema de colaboraci\u00f3n, su empresa podr\u00e1 acceder a todos los beneficios del comercio en internet y llegar a millones de clientes potenciales, sin la necesidad de realizar un importante desembolso inicial. Si desea m\u00e1s informaci\u00f3n, por favor contacte con<a class=\"moretag\" href=\"https:\/\/melkarta.com\/\"><span class=\"screen-reader-text\">Leer m\u00e1s sobre Inicio<\/span>[&#8230;]<\/a><\/p>\n","protected":false},"author":2,"featured_media":0,"parent":0,"menu_order":0,"comment_status":"closed","ping_status":"closed","template":"template-contact.php","meta":{"footnotes":""},"class_list":["post-2","page","type-page","status-publish","hentry"],"_links":{"self":[{"href":"https:\/\/melkarta.com\/index.php?rest_route=\/wp\/v2\/pages\/2","targetHints":{"allow":["GET"]}}],"collection":[{"href":"https:\/\/melkarta.com\/index.php?rest_route=\/wp\/v2\/pages"}],"about":[{"href":"https:\/\/melkarta.com\/index.php?rest_route=\/wp\/v2\/types\/page"}],"author":[{"embeddable":true,"href":"https:\/\/melkarta.com\/index.php?rest_route=\/wp\/v2\/users\/2"}],"replies":[{"embeddable":true,"href":"https:\/\/melkarta.com\/index.php?rest_route=%2Fwp%2Fv2%2Fcomments&post=2"}],"version-history":[{"count":4,"href":"https:\/\/melkarta.com\/index.php?rest_route=\/wp\/v2\/pages\/2\/revisions"}],"predecessor-version":[{"id":107,"href":"https:\/\/melkarta.com\/index.php?rest_route=\/wp\/v2\/pages\/2\/revisions\/107"}],"wp:attachment":[{"href":"https:\/\/melkarta.com\/index.php?rest_route=%2Fwp%2Fv2%2Fmedia&parent=2"}],"curies":[{"name":"wp","href":"https:\/\/api.w.org\/{rel}","templated":true}]}}